{"id":85,"date":"2016-07-21T12:05:49","date_gmt":"2016-07-21T10:05:49","guid":{"rendered":"http:\/\/www.selfempowerment.training\/training\/?page_id=85"},"modified":"2024-05-21T18:22:15","modified_gmt":"2024-05-21T16:22:15","slug":"self-empowerment-selbstermaechtigung","status":"publish","type":"page","link":"https:\/\/www.selfempowerment.training\/training\/","title":{"rendered":"SET- Self Empowerment Training"},"content":{"rendered":"<p>Herzlich Willkommen!<\/p>\n<p><em>Selfempowerment<\/em> bedeutet, dass Du bereit bist Dein Leben in die Hand zu nehmen. Vielleicht wei\u00dft du noch nicht genau wie? Bist Du bereit Verantwortung zu \u00fcbernehmen und dadurch entscheidungsfreudiger, freier und selbstbestimmter zu werden?<\/p>\n<h4>Gl\u00fccklich sein ist auch (D)eine Entscheidung!<\/h4>\n<p>Lerne Schritt f\u00fcr Schritt wie Du wie Du Dich selbst aus Deinen Begrenzungen befreien kannst.<\/p>\n<h4>Meine Einladung richtet sich an alle Menschen die ihr Leben bewusst und selbstbestimmt gestalten m\u00f6chten.<\/h4>\n<p>Wenn Du etwas in Deinem Leben ver\u00e4ndern m\u00f6chtest, wie z.B. mehr Leichtigkeit, Freude, Lebendigkeit und Lebenslust erfahren willst bzw. authentischere Beziehungen, echten Frieden und Selbstliebe, dann freue ich mich sehr Dich in diesen Prozess zu begleiten.<\/p>\n<p>Nat\u00fcrlich ist es nicht immer einfach das Gewohnte hinter sich zu lassen und einen Schritt ins Unbekannte zu tun. Der Schritt aus der Komfortzone braucht oft \u00dcberwindung. Daf\u00fcr kann es recht hilfreich sein unterst\u00fctzt zu werden damit der Weg nicht nur etwas einfacher sondern auch k\u00fcrzer, effizienter aber auch lust- und freudvoller sein darf.<\/p>\n<p>Der Weg in die eigene Kraft und Lebendigkeit kann\u00a0sehr vielf\u00e4ltig sein- es bedarf jedoch lediglich einer einzigen Entscheidung von Dir ihn gehen zu wollen. Der Rest kommt ganz von alleine. Dich auf diesem Weg zu begleiten &#8211; das ist meine Aufgabe und mein Angebot!<\/p>\n<h4>Du tr\u00e4gst alle L\u00f6sungen\u00a0in Dir. Ich unterst\u00fctze Dich lediglich dabei diese zu erkennen und klar und fokussiert\u00a0umzusetzen.<\/h4>\n<p>Um\u00a0Dein Leben \u00e4ndern reicht es den ersten Schritt zu tun und <strong>Dein \u00c4ndern zu leben<\/strong>! Alles was es braucht ist Dir mehr und mehr bewusst zu werden was Du wirklich willst, was bzw. wer du wirklich bist und wof\u00fcr Dein Feuer brennt.<\/p>\n<p>Ich freue mich wenn ich Dich etwas inspirieren kann und Du in Deine Kraft kommst. Gerne kannst Du mich auch telefonisch oder per email kontaktieren.<\/p>\n<p>Bis gleich!<\/p>\n<p>Siggi<\/p>\n<p style=\"text-align: center;\"><em>THE SECRET OF CHANGE IS TO FOCUS ALL OF YOUR ENERGY<\/em><br \/>\n<em>NOT ON FIGHTING THE OLD BUT ON BUILDING THE NEW<\/em><br \/>\n<em>\u2022 Socrates<\/em><\/p>\n","protected":false},"excerpt":{"rendered":"<p>Herzlich Willkommen! Selfempowerment bedeutet, dass Du bereit bist Dein Leben in die Hand zu nehmen. Vielleicht wei\u00dft du noch nicht genau wie? Bist Du bereit Verantwortung zu \u00fcbernehmen und dadurch entscheidungsfreudiger, freier und selbstbestimmter&#46;&#46;&#46;<\/p>\n","protected":false},"author":3,"featured_media":0,"parent":0,"menu_order":1,"comment_status":"closed","ping_status":"closed","template":"","meta":{"footnotes":""},"class_list":["post-85","page","type-page","status-publish","hentry"],"yoast_head":"<!-- This site is optimized with the Yoast SEO plugin v22.7 - https:\/\/yoast.com\/wordpress\/plugins\/seo\/ -->\n<title>SET- Self Empowerment Training - Selfempowerment Training<\/title>\n<meta name=\"description\" content=\"Gl\u00fccklich sein ist eine Entscheidung. Lerne Schritt f\u00fcr Schritt wie du wie du dich selbst aus deinen Begrenzungen befreien kannst.\" \/>\n<meta name=\"robots\" content=\"index, follow, max-snippet:-1, max-image-preview:large, max-video-preview:-1\" \/>\n<link rel=\"canonical\" href=\"https:\/\/www.selfempowerment.training\/training\/\" \/>\n<meta property=\"og:locale\" content=\"de_DE\" \/>\n<meta property=\"og:type\" content=\"article\" \/>\n<meta property=\"og:title\" content=\"SET- Self Empowerment Training - Selfempowerment Training\" \/>\n<meta property=\"og:description\" content=\"Gl\u00fccklich sein ist eine Entscheidung. Lerne Schritt f\u00fcr Schritt wie du wie du dich selbst aus deinen Begrenzungen befreien kannst.\" \/>\n<meta property=\"og:url\" content=\"https:\/\/www.selfempowerment.training\/training\/\" \/>\n<meta property=\"og:site_name\" content=\"Selfempowerment Training\" \/>\n<meta property=\"article:modified_time\" content=\"2024-05-21T16:22:15+00:00\" \/>\n<meta name=\"twitter:card\" content=\"summary_large_image\" \/>\n<meta name=\"twitter:label1\" content=\"Gesch\u00e4tzte Lesezeit\" \/>\n\t<meta name=\"twitter:data1\" content=\"2\u00a0Minuten\" \/>\n<script type=\"application\/ld+json\" class=\"yoast-schema-graph\">{\"@context\":\"https:\/\/schema.org\",\"@graph\":[{\"@type\":\"WebPage\",\"@id\":\"https:\/\/www.selfempowerment.training\/training\/\",\"url\":\"https:\/\/www.selfempowerment.training\/training\/\",\"name\":\"SET- Self Empowerment Training - Selfempowerment Training\",\"isPartOf\":{\"@id\":\"https:\/\/www.selfempowerment.training\/training\/#website\"},\"datePublished\":\"2016-07-21T10:05:49+00:00\",\"dateModified\":\"2024-05-21T16:22:15+00:00\",\"description\":\"Gl\u00fccklich sein ist eine Entscheidung. Lerne Schritt f\u00fcr Schritt wie du wie du dich selbst aus deinen Begrenzungen befreien kannst.\",\"breadcrumb\":{\"@id\":\"https:\/\/www.selfempowerment.training\/training\/#breadcrumb\"},\"inLanguage\":\"de\",\"potentialAction\":[{\"@type\":\"ReadAction\",\"target\":[\"https:\/\/www.selfempowerment.training\/training\/\"]}]},{\"@type\":\"BreadcrumbList\",\"@id\":\"https:\/\/www.selfempowerment.training\/training\/#breadcrumb\",\"itemListElement\":[{\"@type\":\"ListItem\",\"position\":1,\"name\":\"Startseite\",\"item\":\"https:\/\/www.selfempowerment.training\/training\/\"},{\"@type\":\"ListItem\",\"position\":2,\"name\":\"SET- Self Empowerment Training\"}]},{\"@type\":\"WebSite\",\"@id\":\"https:\/\/www.selfempowerment.training\/training\/#website\",\"url\":\"https:\/\/www.selfempowerment.training\/training\/\",\"name\":\"Selfempowerment Training\",\"description\":\"Selbsterm\u00e4chtigung - Bewusstsein - Freiheit\",\"publisher\":{\"@id\":\"https:\/\/www.selfempowerment.training\/training\/#organization\"},\"potentialAction\":[{\"@type\":\"SearchAction\",\"target\":{\"@type\":\"EntryPoint\",\"urlTemplate\":\"https:\/\/www.selfempowerment.training\/training\/?s={search_term_string}\"},\"query-input\":\"required name=search_term_string\"}],\"inLanguage\":\"de\"},{\"@type\":\"Organization\",\"@id\":\"https:\/\/www.selfempowerment.training\/training\/#organization\",\"name\":\"Selfempowerment Training\",\"url\":\"https:\/\/www.selfempowerment.training\/training\/\",\"logo\":{\"@type\":\"ImageObject\",\"inLanguage\":\"de\",\"@id\":\"https:\/\/www.selfempowerment.training\/training\/#\/schema\/logo\/image\/\",\"url\":\"https:\/\/www.selfempowerment.training\/training\/wp-content\/uploads\/2017\/03\/cropped-icon.jpg\",\"contentUrl\":\"https:\/\/www.selfempowerment.training\/training\/wp-content\/uploads\/2017\/03\/cropped-icon.jpg\",\"width\":171,\"height\":171,\"caption\":\"Selfempowerment Training\"},\"image\":{\"@id\":\"https:\/\/www.selfempowerment.training\/training\/#\/schema\/logo\/image\/\"}}]}<\/script>\n<!-- \/ Yoast SEO plugin. -->","yoast_head_json":{"title":"SET- Self Empowerment Training - Selfempowerment Training","description":"Gl\u00fccklich sein ist eine Entscheidung. Lerne Schritt f\u00fcr Schritt wie du wie du dich selbst aus deinen Begrenzungen befreien kannst.","robots":{"index":"index","follow":"follow","max-snippet":"max-snippet:-1","max-image-preview":"max-image-preview:large","max-video-preview":"max-video-preview:-1"},"canonical":"https:\/\/www.selfempowerment.training\/training\/","og_locale":"de_DE","og_type":"article","og_title":"SET- Self Empowerment Training - Selfempowerment Training","og_description":"Gl\u00fccklich sein ist eine Entscheidung. Lerne Schritt f\u00fcr Schritt wie du wie du dich selbst aus deinen Begrenzungen befreien kannst.","og_url":"https:\/\/www.selfempowerment.training\/training\/","og_site_name":"Selfempowerment Training","article_modified_time":"2024-05-21T16:22:15+00:00","twitter_card":"summary_large_image","twitter_misc":{"Gesch\u00e4tzte Lesezeit":"2\u00a0Minuten"},"schema":{"@context":"https:\/\/schema.org","@graph":[{"@type":"WebPage","@id":"https:\/\/www.selfempowerment.training\/training\/","url":"https:\/\/www.selfempowerment.training\/training\/","name":"SET- Self Empowerment Training - Selfempowerment Training","isPartOf":{"@id":"https:\/\/www.selfempowerment.training\/training\/#website"},"datePublished":"2016-07-21T10:05:49+00:00","dateModified":"2024-05-21T16:22:15+00:00","description":"Gl\u00fccklich sein ist eine Entscheidung. Lerne Schritt f\u00fcr Schritt wie du wie du dich selbst aus deinen Begrenzungen befreien kannst.","breadcrumb":{"@id":"https:\/\/www.selfempowerment.training\/training\/#breadcrumb"},"inLanguage":"de","potentialAction":[{"@type":"ReadAction","target":["https:\/\/www.selfempowerment.training\/training\/"]}]},{"@type":"BreadcrumbList","@id":"https:\/\/www.selfempowerment.training\/training\/#breadcrumb","itemListElement":[{"@type":"ListItem","position":1,"name":"Startseite","item":"https:\/\/www.selfempowerment.training\/training\/"},{"@type":"ListItem","position":2,"name":"SET- Self Empowerment Training"}]},{"@type":"WebSite","@id":"https:\/\/www.selfempowerment.training\/training\/#website","url":"https:\/\/www.selfempowerment.training\/training\/","name":"Selfempowerment Training","description":"Selbsterm\u00e4chtigung - Bewusstsein - Freiheit","publisher":{"@id":"https:\/\/www.selfempowerment.training\/training\/#organization"},"potentialAction":[{"@type":"SearchAction","target":{"@type":"EntryPoint","urlTemplate":"https:\/\/www.selfempowerment.training\/training\/?s={search_term_string}"},"query-input":"required name=search_term_string"}],"inLanguage":"de"},{"@type":"Organization","@id":"https:\/\/www.selfempowerment.training\/training\/#organization","name":"Selfempowerment Training","url":"https:\/\/www.selfempowerment.training\/training\/","logo":{"@type":"ImageObject","inLanguage":"de","@id":"https:\/\/www.selfempowerment.training\/training\/#\/schema\/logo\/image\/","url":"https:\/\/www.selfempowerment.training\/training\/wp-content\/uploads\/2017\/03\/cropped-icon.jpg","contentUrl":"https:\/\/www.selfempowerment.training\/training\/wp-content\/uploads\/2017\/03\/cropped-icon.jpg","width":171,"height":171,"caption":"Selfempowerment Training"},"image":{"@id":"https:\/\/www.selfempowerment.training\/training\/#\/schema\/logo\/image\/"}}]}},"_links":{"self":[{"href":"https:\/\/www.selfempowerment.training\/training\/wp-json\/wp\/v2\/pages\/85","targetHints":{"allow":["GET"]}}],"collection":[{"href":"https:\/\/www.selfempowerment.training\/training\/wp-json\/wp\/v2\/pages"}],"about":[{"href":"https:\/\/www.selfempowerment.training\/training\/wp-json\/wp\/v2\/types\/page"}],"author":[{"embeddable":true,"href":"https:\/\/www.selfempowerment.training\/training\/wp-json\/wp\/v2\/users\/3"}],"replies":[{"embeddable":true,"href":"https:\/\/www.selfempowerment.training\/training\/wp-json\/wp\/v2\/comments?post=85"}],"version-history":[{"count":34,"href":"https:\/\/www.selfempowerment.training\/training\/wp-json\/wp\/v2\/pages\/85\/revisions"}],"predecessor-version":[{"id":829,"href":"https:\/\/www.selfempowerment.training\/training\/wp-json\/wp\/v2\/pages\/85\/revisions\/829"}],"wp:attachment":[{"href":"https:\/\/www.selfempowerment.training\/training\/wp-json\/wp\/v2\/media?parent=85"}],"curies":[{"name":"wp","href":"https:\/\/api.w.org\/{rel}","templated":true}]}}