{"id":76,"date":"2016-07-21T12:03:25","date_gmt":"2016-07-21T10:03:25","guid":{"rendered":"http:\/\/www.selfempowerment.training\/training\/?page_id=76"},"modified":"2022-09-21T18:02:20","modified_gmt":"2022-09-21T16:02:20","slug":"impressum","status":"publish","type":"page","link":"https:\/\/www.selfempowerment.training\/training\/impressum\/","title":{"rendered":"Impressum \/ Datenschutz"},"content":{"rendered":"<p><strong>Offenlegung gem\u00e4\u00df \u00a725 Mediengesetz<\/strong><\/p>\n<p>Medieninhaber: Self-Empowerment-Training Siggi Schachner<br \/>\nFirmensitz\u00a0(Ort der Hauptniederlassung): 3032 Eichgraben, Winklstra\u00dfe 3<br \/>\nUnternehmensgegenstand: Lebens- und Sozialberatung<\/p>\n<p><strong>Unternehmensgegenstand<\/strong><br \/>\nBerufsbezeichnung: Lebens- und Sozialberater<br \/>\nZust\u00e4ndige Kammer: Wirtschaftskammer \u00d6sterreich, Fachgruppe Gewerbliche Dienstleiter<br \/>\nRegelungen einsehbar unter:\u00a0<a href=\"http:\/\/wko.at\" target=\"_blank\" rel=\"noopener noreferrer\">http:\/\/wko.at<\/a><br \/>\nGewerbeordnung:\u00a0<a href=\"http:\/\/www.ris.bka.gv.at\" target=\"_blank\" rel=\"noopener noreferrer\">www.ris.bka.gv.at<\/a><br \/>\nBlattlinie: Lebens- und Sozialberatung<\/p>\n<hr \/>\n<p><strong>Website und Umsetzung:<\/strong><br \/>\n<a href=\"http:\/\/www.webdesign-fleck.at\" target=\"_blank\" rel=\"noopener noreferrer\">www.webdesign-fleck.at<\/a><\/p>\n<hr \/>\n<p><strong>Verantwortlich f\u00fcr den Inhalt<\/strong><br \/>\nSieghard Schachner<br \/>\nWinklstra\u00dfe 3<br \/>\n3032 Eichgraben<br \/>\n\u00d6sterreich<\/p>\n<p><strong>Quellenangaben f\u00fcr die verwendeten Bilder und Grafiken<\/strong><br \/>\nEigene Bilder Copyright<\/p>\n<p><strong>Nutzungsbedingungen, Gew\u00e4hrleistung und Haftung f\u00fcr die Website<\/strong><br \/>\n<strong>Coaching und Beratung dient der F\u00f6rderung der Selbstverantwortung und der Aktivierung der Selbstheilungskr\u00e4fte.\u00a0Es ersetzt nicht die Diagnose oder Behandlung durch einen Arzt.<\/strong><\/p>\n<p>Die Nutzung dieser Website erfolgt auf eigene Gefahr und auf eigenes Risiko. Wir \u00fcbernehmen weder Gew\u00e4hr f\u00fcr st\u00e4ndige Verf\u00fcgbarkeit, noch f\u00fcr die ver\u00f6ffentlichten Beitr\u00e4ge, Informationen hinsichtlich Richtigkeit, Vollst\u00e4ndigkeit, Funktionalit\u00e4t. Jegliche Haftung f\u00fcr Sch\u00e4den, die direkt oder indirekt aus der Benutzung dieser Website entstehen sind ausgeschlossen. Die Website wird unter dem Gesichtspunkt gr\u00f6\u00dfter Sorgfalt und Zuverl\u00e4ssigkeit betrieben.<\/p>\n<p><strong>Datenschutzhinweise<\/strong><br \/>\nDie Nutzung unserer Webseite ist in der Regel ohne Angabe personenbezogener Daten m\u00f6glich. Soweit auf unseren Seiten personenbezogene Daten (beispielsweise Name, Anschrift oder eMail-Adressen) erhoben werden, erfolgt dies, soweit m\u00f6glich, stets auf freiwilliger Basis. Diese Daten werden ohne Ihre ausdr\u00fcckliche Zustimmung nicht an Dritte weitergegeben.<br \/>\nWir weisen darauf hin, dass die Daten\u00fcbertragung im Internet (z.B. bei der Kommunikation per E-Mail) Sicherheitsl\u00fccken aufweisen kann. Ein l\u00fcckenloser Schutz der Daten vor dem Zugriff durch Dritte ist nicht m\u00f6glich.<br \/>\nDer Nutzung von im Rahmen der Impressumspflicht ver\u00f6ffentlichten Kontaktdaten durch Dritte zur \u00dcbersendung von nicht ausdr\u00fccklich angeforderter Werbung und Informationsmaterialien wird hiermit ausdr\u00fccklich widersprochen. Die Betreiber der Seiten behalten sich ausdr\u00fccklich rechtliche Schritte im Falle der unverlangten Zusendung von Werbeinformationen, etwa durch Spam-Mails, vor.<\/p>\n<p><strong>Datenschutzerkl\u00e4rung f\u00fcr die Nutzung von Google Analytics<\/strong><br \/>\nDiese Website benutzt Google Analytics, einen Webanalysedienst der Google Inc. (&#8220;Google&#8221;). Google Analytics verwendet sog. &#8220;Cookies&#8221;, Textdateien, die auf Ihrem Computer gespeichert werden und die eine Analyse der Benutzung der Website durch Sie erm\u00f6glichen. Die durch den Cookie erzeugten Informationen \u00fcber Ihre Benutzung dieser Website werden in der Regel an einen Server von Google in den USA \u00fcbertragen und dort gespeichert. Im Falle der Aktivierung der IP-Anonymisierung auf dieser Webseite wird Ihre IP-Adresse von Google jedoch innerhalb von Mitgliedstaaten der Europ\u00e4ischen Union oder in anderen Vertragsstaaten des Abkommens \u00fcber den Europ\u00e4ischen Wirtschaftsraum zuvor gek\u00fcrzt.<br \/>\nNur in Ausnahmef\u00e4llen wird die volle IP-Adresse an einen Server von Google in den USA \u00fcbertragen und dort gek\u00fcrzt. Im Auftrag des Betreibers dieser Website wird Google diese Informationen benutzen, um Ihre Nutzung der Website auszuwerten, um Reports \u00fcber die Websiteaktivit\u00e4ten zusammenzustellen und um weitere mit der Websitenutzung und der Internetnutzung verbundene Dienstleistungen gegen\u00fcber dem Websitebetreiber zu erbringen. Die im Rahmen von Google Analytics von Ihrem Browser \u00fcbermittelte IP-Adresse wird nicht mit anderen Daten von Google zusammengef\u00fchrt.<br \/>\nSie k\u00f6nnen die Speicherung der Cookies durch eine entsprechende Einstellung Ihrer Browser-Software verhindern; wir weisen Sie jedoch darauf hin, dass Sie in diesem Fall gegebenenfalls nicht s\u00e4mtliche Funktionen dieser Website vollumf\u00e4nglich werden nutzen k\u00f6nnen. Sie k\u00f6nnen dar\u00fcber hinaus die Erfassung der durch das Cookie erzeugten und auf Ihre Nutzung der Website bezogenen Daten (inkl. Ihrer IP-Adresse) an Google sowie die Verarbeitung dieser Daten durch Google verhindern, indem sie das unter dem folgenden Link verf\u00fcgbare Browser-Plugin herunterladen und installieren:\u00a0http:\/\/tools.google.com\/dlpage\/gaoptout?hl=de.<br \/>\nN\u00e4here Informationen zu Nutzungsbedingungen und Datenschutz finden Sie unter\u00a0http:\/\/www.google.com\/analytics\/terms\/de.html.<\/p>\n<p><strong>Link Policy<\/strong><br \/>\nBei Verlinkungen auf weitere Online-Angebote \u00fcbernehmen wir keinerlei Haftung \u00fcber Inhalt, Funktionalit\u00e4t und Verf\u00fcgbarkeit der verlinkten Website. Dies gilt auch bei allen anderen direkten und indirekten Verweisen, oder Verlinkungen auf fremde Internet-Angebote. Links auf diese Website sind erw\u00fcnscht, wenn sie als externe Links in einem eigenen Browserfenster gestaltet sind.<br \/>\nEine \u00dcbernahme des Hauptfensters in einen Frame des Linksetzers ist unzul\u00e4ssig. Sollte eine Website, auf die wir verlinkt haben, rechtswidrige Inhalte enthalten, so bitten wir um Mitteilung, der Link wird dann entfernt.<\/p>\n<p>Lebens- und Sozialberatung ist in \u00d6sterreich ein reglementiertes Gewerbe (\u00a7 119 GewO 1994). Die Zugangsvoraussetzungen sind in der Lebens- und Sozialberater-Verordnung, BGBl. Nr. 140\/2004; BGBl. Nr. 112\/2006 geregelt. LebensberaterInnen unterliegen der Verschwiegenheitspflicht (\u00a7 119 Abs. 4 GewO).<\/p>\n<p><strong>SIGGI SCHACHNER<\/strong><br \/>\nDipl. Lebensberater<br \/>\nSupervisor<br \/>\nIntegratives und<br \/>\nsystemisches Coaching<br \/>\nTrainer f\u00fcr Burnout Prophylaxe,<br \/>\nGender &amp; Diversity und Wirtschaftstrainer<br \/>\nLehrgangsleiter United Creations Academy<\/p>\n","protected":false},"excerpt":{"rendered":"<p>Offenlegung gem\u00e4\u00df \u00a725 Mediengesetz Medieninhaber: Self-Empowerment-Training Siggi Schachner Firmensitz\u00a0(Ort der Hauptniederlassung): 3032 Eichgraben, Winklstra\u00dfe 3 Unternehmensgegenstand: Lebens- und Sozialberatung Unternehmensgegenstand Berufsbezeichnung: Lebens- und Sozialberater Zust\u00e4ndige Kammer: Wirtschaftskammer \u00d6sterreich, Fachgruppe Gewerbliche Dienstleiter Regelungen einsehbar unter:\u00a0http:\/\/wko.at&#46;&#46;&#46;<\/p>\n","protected":false},"author":3,"featured_media":0,"parent":0,"menu_order":0,"comment_status":"closed","ping_status":"closed","template":"","meta":{"footnotes":""},"class_list":["post-76","page","type-page","status-publish","hentry"],"yoast_head":"<!-- This site is optimized with the Yoast SEO plugin v22.7 - https:\/\/yoast.com\/wordpress\/plugins\/seo\/ -->\n<title>Impressum \/ Datenschutz - Selfempowerment Training<\/title>\n<meta name=\"robots\" content=\"index, follow, max-snippet:-1, max-image-preview:large, max-video-preview:-1\" \/>\n<link rel=\"canonical\" href=\"https:\/\/www.selfempowerment.training\/training\/impressum\/\" \/>\n<meta property=\"og:locale\" content=\"de_DE\" \/>\n<meta property=\"og:type\" content=\"article\" \/>\n<meta property=\"og:title\" content=\"Impressum \/ Datenschutz - Selfempowerment Training\" \/>\n<meta property=\"og:description\" content=\"Offenlegung gem\u00e4\u00df \u00a725 Mediengesetz Medieninhaber: Self-Empowerment-Training Siggi Schachner Firmensitz\u00a0(Ort der Hauptniederlassung): 3032 Eichgraben, Winklstra\u00dfe 3 Unternehmensgegenstand: Lebens- und Sozialberatung Unternehmensgegenstand Berufsbezeichnung: Lebens- und Sozialberater Zust\u00e4ndige Kammer: Wirtschaftskammer \u00d6sterreich, Fachgruppe Gewerbliche Dienstleiter Regelungen einsehbar unter:\u00a0http:\/\/wko.at&#046;&#046;&#046;\" \/>\n<meta property=\"og:url\" content=\"https:\/\/www.selfempowerment.training\/training\/impressum\/\" \/>\n<meta property=\"og:site_name\" content=\"Selfempowerment Training\" \/>\n<meta property=\"article:modified_time\" content=\"2022-09-21T16:02:20+00:00\" \/>\n<meta name=\"twitter:card\" content=\"summary_large_image\" \/>\n<meta name=\"twitter:label1\" content=\"Gesch\u00e4tzte Lesezeit\" \/>\n\t<meta name=\"twitter:data1\" content=\"4\u00a0Minuten\" \/>\n<script type=\"application\/ld+json\" class=\"yoast-schema-graph\">{\"@context\":\"https:\/\/schema.org\",\"@graph\":[{\"@type\":\"WebPage\",\"@id\":\"https:\/\/www.selfempowerment.training\/training\/impressum\/\",\"url\":\"https:\/\/www.selfempowerment.training\/training\/impressum\/\",\"name\":\"Impressum \/ Datenschutz - Selfempowerment Training\",\"isPartOf\":{\"@id\":\"https:\/\/www.selfempowerment.training\/training\/#website\"},\"datePublished\":\"2016-07-21T10:03:25+00:00\",\"dateModified\":\"2022-09-21T16:02:20+00:00\",\"breadcrumb\":{\"@id\":\"https:\/\/www.selfempowerment.training\/training\/impressum\/#breadcrumb\"},\"inLanguage\":\"de\",\"potentialAction\":[{\"@type\":\"ReadAction\",\"target\":[\"https:\/\/www.selfempowerment.training\/training\/impressum\/\"]}]},{\"@type\":\"BreadcrumbList\",\"@id\":\"https:\/\/www.selfempowerment.training\/training\/impressum\/#breadcrumb\",\"itemListElement\":[{\"@type\":\"ListItem\",\"position\":1,\"name\":\"Startseite\",\"item\":\"https:\/\/www.selfempowerment.training\/training\/\"},{\"@type\":\"ListItem\",\"position\":2,\"name\":\"Impressum \/ Datenschutz\"}]},{\"@type\":\"WebSite\",\"@id\":\"https:\/\/www.selfempowerment.training\/training\/#website\",\"url\":\"https:\/\/www.selfempowerment.training\/training\/\",\"name\":\"Selfempowerment Training\",\"description\":\"Selbsterm\u00e4chtigung - Bewusstsein - Freiheit\",\"publisher\":{\"@id\":\"https:\/\/www.selfempowerment.training\/training\/#organization\"},\"potentialAction\":[{\"@type\":\"SearchAction\",\"target\":{\"@type\":\"EntryPoint\",\"urlTemplate\":\"https:\/\/www.selfempowerment.training\/training\/?s={search_term_string}\"},\"query-input\":\"required name=search_term_string\"}],\"inLanguage\":\"de\"},{\"@type\":\"Organization\",\"@id\":\"https:\/\/www.selfempowerment.training\/training\/#organization\",\"name\":\"Selfempowerment Training\",\"url\":\"https:\/\/www.selfempowerment.training\/training\/\",\"logo\":{\"@type\":\"ImageObject\",\"inLanguage\":\"de\",\"@id\":\"https:\/\/www.selfempowerment.training\/training\/#\/schema\/logo\/image\/\",\"url\":\"https:\/\/www.selfempowerment.training\/training\/wp-content\/uploads\/2017\/03\/cropped-icon.jpg\",\"contentUrl\":\"https:\/\/www.selfempowerment.training\/training\/wp-content\/uploads\/2017\/03\/cropped-icon.jpg\",\"width\":171,\"height\":171,\"caption\":\"Selfempowerment Training\"},\"image\":{\"@id\":\"https:\/\/www.selfempowerment.training\/training\/#\/schema\/logo\/image\/\"}}]}<\/script>\n<!-- \/ Yoast SEO plugin. -->","yoast_head_json":{"title":"Impressum \/ Datenschutz - Selfempowerment Training","robots":{"index":"index","follow":"follow","max-snippet":"max-snippet:-1","max-image-preview":"max-image-preview:large","max-video-preview":"max-video-preview:-1"},"canonical":"https:\/\/www.selfempowerment.training\/training\/impressum\/","og_locale":"de_DE","og_type":"article","og_title":"Impressum \/ Datenschutz - Selfempowerment Training","og_description":"Offenlegung gem\u00e4\u00df \u00a725 Mediengesetz Medieninhaber: Self-Empowerment-Training Siggi Schachner Firmensitz\u00a0(Ort der Hauptniederlassung): 3032 Eichgraben, Winklstra\u00dfe 3 Unternehmensgegenstand: Lebens- und Sozialberatung Unternehmensgegenstand Berufsbezeichnung: Lebens- und Sozialberater Zust\u00e4ndige Kammer: Wirtschaftskammer \u00d6sterreich, Fachgruppe Gewerbliche Dienstleiter Regelungen einsehbar unter:\u00a0http:\/\/wko.at&#46;&#46;&#46;","og_url":"https:\/\/www.selfempowerment.training\/training\/impressum\/","og_site_name":"Selfempowerment Training","article_modified_time":"2022-09-21T16:02:20+00:00","twitter_card":"summary_large_image","twitter_misc":{"Gesch\u00e4tzte Lesezeit":"4\u00a0Minuten"},"schema":{"@context":"https:\/\/schema.org","@graph":[{"@type":"WebPage","@id":"https:\/\/www.selfempowerment.training\/training\/impressum\/","url":"https:\/\/www.selfempowerment.training\/training\/impressum\/","name":"Impressum \/ Datenschutz - Selfempowerment Training","isPartOf":{"@id":"https:\/\/www.selfempowerment.training\/training\/#website"},"datePublished":"2016-07-21T10:03:25+00:00","dateModified":"2022-09-21T16:02:20+00:00","breadcrumb":{"@id":"https:\/\/www.selfempowerment.training\/training\/impressum\/#breadcrumb"},"inLanguage":"de","potentialAction":[{"@type":"ReadAction","target":["https:\/\/www.selfempowerment.training\/training\/impressum\/"]}]},{"@type":"BreadcrumbList","@id":"https:\/\/www.selfempowerment.training\/training\/impressum\/#breadcrumb","itemListElement":[{"@type":"ListItem","position":1,"name":"Startseite","item":"https:\/\/www.selfempowerment.training\/training\/"},{"@type":"ListItem","position":2,"name":"Impressum \/ Datenschutz"}]},{"@type":"WebSite","@id":"https:\/\/www.selfempowerment.training\/training\/#website","url":"https:\/\/www.selfempowerment.training\/training\/","name":"Selfempowerment Training","description":"Selbsterm\u00e4chtigung - Bewusstsein - Freiheit","publisher":{"@id":"https:\/\/www.selfempowerment.training\/training\/#organization"},"potentialAction":[{"@type":"SearchAction","target":{"@type":"EntryPoint","urlTemplate":"https:\/\/www.selfempowerment.training\/training\/?s={search_term_string}"},"query-input":"required name=search_term_string"}],"inLanguage":"de"},{"@type":"Organization","@id":"https:\/\/www.selfempowerment.training\/training\/#organization","name":"Selfempowerment Training","url":"https:\/\/www.selfempowerment.training\/training\/","logo":{"@type":"ImageObject","inLanguage":"de","@id":"https:\/\/www.selfempowerment.training\/training\/#\/schema\/logo\/image\/","url":"https:\/\/www.selfempowerment.training\/training\/wp-content\/uploads\/2017\/03\/cropped-icon.jpg","contentUrl":"https:\/\/www.selfempowerment.training\/training\/wp-content\/uploads\/2017\/03\/cropped-icon.jpg","width":171,"height":171,"caption":"Selfempowerment Training"},"image":{"@id":"https:\/\/www.selfempowerment.training\/training\/#\/schema\/logo\/image\/"}}]}},"_links":{"self":[{"href":"https:\/\/www.selfempowerment.training\/training\/wp-json\/wp\/v2\/pages\/76","targetHints":{"allow":["GET"]}}],"collection":[{"href":"https:\/\/www.selfempowerment.training\/training\/wp-json\/wp\/v2\/pages"}],"about":[{"href":"https:\/\/www.selfempowerment.training\/training\/wp-json\/wp\/v2\/types\/page"}],"author":[{"embeddable":true,"href":"https:\/\/www.selfempowerment.training\/training\/wp-json\/wp\/v2\/users\/3"}],"replies":[{"embeddable":true,"href":"https:\/\/www.selfempowerment.training\/training\/wp-json\/wp\/v2\/comments?post=76"}],"version-history":[{"count":8,"href":"https:\/\/www.selfempowerment.training\/training\/wp-json\/wp\/v2\/pages\/76\/revisions"}],"predecessor-version":[{"id":792,"href":"https:\/\/www.selfempowerment.training\/training\/wp-json\/wp\/v2\/pages\/76\/revisions\/792"}],"wp:attachment":[{"href":"https:\/\/www.selfempowerment.training\/training\/wp-json\/wp\/v2\/media?parent=76"}],"curies":[{"name":"wp","href":"https:\/\/api.w.org\/{rel}","templated":true}]}}