{"id":7,"date":"2016-07-19T10:38:32","date_gmt":"2016-07-19T08:38:32","guid":{"rendered":"http:\/\/www.selfempowerment.training\/training\/?page_id=7"},"modified":"2024-05-22T09:40:20","modified_gmt":"2024-05-22T07:40:20","slug":"coaching","status":"publish","type":"page","link":"https:\/\/www.selfempowerment.training\/training\/coaching\/","title":{"rendered":"Freedom Coaching"},"content":{"rendered":"<p><strong>Freedom Coaching<\/strong> ist die <strong>individuelle<\/strong>\u00a0<strong>Wegbegleitung zu gr\u00f6\u00dferer pers\u00f6nlicher Freiheit<\/strong><\/p>\n<h2>Freedom Coaching bedeutet individuelle Wege in die pers\u00f6nliche Freiheit zu entdecken.<\/h2>\n<p>Ich sehe es als meine Berufung und als meinen Lebenssinn frei zu werden, frei zu sein und als gr\u00f6\u00dfte Freude jene unter Euch, die sich auch Freiheit w\u00fcnschen, darin zu unterst\u00fctzen.\u00a0 Wie es genau dazu kam k\u00f6nnt Ihr unter der &#8220;<em>Meet Ziggy<\/em>&#8221; &#8211; Seite nachlesen. Es war jedenfalls nicht geplant sondern vielmehr der mir einzig m\u00f6gliche Weg. Jedes Seminar,\u00a0 jeder Kurs, jede Ausbildung, Selbsterfahrung und jeder Herausforderung und Angst der ich mich gestellt habe, hatte als meine Grundmotivation mehr Freiheit zu erfahren. Seit \u00fcber 30 Jahren verfolge ich diesen Weg und meine pers\u00f6nliche Definition von Freiheit hat sich seither oft ver\u00e4ndert.<\/p>\n<p>War es damals die Freiheit genug Geld zu haben f\u00fcr meine W\u00fcnsche und Tr\u00e4ume, oder die Freiheit zu Reisen zu k\u00f6nnen wohin ich will,\u00a0oder frei von Verantwortung oder Bindungen zu sein wurde es mit der Zeit immer klarer, dass all diesen W\u00fcnschen eines zugrunde lag&#8230;<strong>der Wunsch frei von Angst zu sein<\/strong>. Meine heutige Definition von <strong>Freiheit ist die F\u00e4higkeit das Leben ganz anzunehmen und in dessen Tiefe wahrnehmen und erleben zu k\u00f6nnen. So wie es sich jeden Augenblick offenbart.<\/strong><\/p>\n<p>So einfach dies klingt so tief und weitreichend kann diese Sichtweise sein. Denn, solange ich kein Bewusstsein habe \u00fcber meine unbewussten Konditionierungen, Limitierungen, Programme, \u00c4ngste und Zweifel kann ich nicht frei agieren sondern reagiere. <strong>Solange ich Sklave meiner Gedanken, \u00dcberzeugungen, Glaubenss\u00e4tze, Werte und Identit\u00e4ten (Rollen) bin gibt es keine wirkliche Freiheit<\/strong>. Solange ich nicht\u00a0erfahre <strong>was ich nicht bin<\/strong> und <strong>was ich bin<\/strong>, jage ich einer Karotte nach die ich nie erreichen kann.<\/p>\n<p>F\u00fcr alle die jetzt beunruhigt sind ob der langen Liste am Weg zur Freiheit &#8230; <strong>keine Angst! Die gute Nachricht<\/strong> ist, dass <strong>der Weg in die Freiheit<\/strong> kein m\u00fchsamer, einsamer, asketischer, langer, harter, steiniger Weg sein muss. Ganz im Gegenteil. Es <strong>kann wunderbar lustvoll, spa\u00dfig, freud- und liebevoll sein<\/strong> sich der eigenen Muster, \u00dcberzeugungen, Rollen, etc. bewusst zu werden. Sobald ich meine Rollen kenne, kann ich mit Ihnen spielen. Sind sie jedoch unbewu\u00dft spielen meine Rollen mit mir (und mit allen anderen in meiner Umgebung).<\/p>\n<p>Ein weit verbreiteter Mythos was Freiheit bedeutet ist es keine Familie, Beziehung, Besitzt\u00fcmer etc. haben zu k\u00f6nnen. K\u00f6nnte ich das nicht w\u00e4re ich nicht frei! <strong>Freiheit bedeutet nicht abh\u00e4ngig zu sein<\/strong> von meinem Status, meiner Identit\u00e4t, Beziehung, Geld, usw..<\/p>\n<p>Freiheit bedeutet <strong>sich\u00a0auf den Beifahrersitz des Lebens zu setzen und die Fahrt zu genie\u00dfen<\/strong>. Das impliziert auch <strong>kreativ- sch\u00f6pferisch und absolut verantwortungsvoll aus dem Moment heraus zu handeln. Verantwortung = Handlungsf\u00e4higkeit!<\/strong><\/p>\n<hr \/>\n<h3>Sollte ich Dich zu mehr Freiheit inspiriert haben dann freue ich mich sehr!<\/h3>\n<p>Wenn Du ein kleines bisschen freier bist, dann ist die Welt ein kleines bisschen freier. Abschlie\u00dfend <strong>m\u00f6chte ich Dir noch etwas mitgeben<\/strong>. Lies Dir die S\u00e4tze durch und lass sie ein paar Augenblicke wirken. Wie f\u00fchlt sich das an?<\/p>\n<p><strong>Stell dir vor wie die Welt, Deine Wahrnehmung der Welt und Dein Leben w\u00e4re wenn:<\/strong><\/p>\n<ul>\n<li>\u00a0Du jeden Menschen ganz einfach so sein lassen und annehmen k\u00f6nntest wie er\/sie ist &#8211; ohne irgendetwas an ihr\/ihm \u00e4ndern zu wollen.<\/li>\n<li>Jeder Mensch Dich sein l\u00e4sst und Dich annimmt ganz wie du bist. Dich akzeptiert mit allem (auch scheinbar Negativem) was Dich ausmacht.<\/li>\n<li>Jeder Mensch jeden anderen Menschen ganz so sein lassen und annehmen k\u00f6nnte wie sie sind.<\/li>\n<li>Du Dich ganz so sein lassen und annehmen k\u00f6nntest wie du bist. Mit all Deiner wunderbaren Imperfektion, Deinen Unzul\u00e4nglichkeiten und &#8220;Fehlern&#8221;.<\/li>\n<\/ul>\n<p style=\"text-align: center;\"><strong>Du bist schon perfekt, du hast es vielleicht nur vergessen oder etwas Anderes gelernt.<\/strong><\/p>\n","protected":false},"excerpt":{"rendered":"<p>Freedom Coaching ist die individuelle\u00a0Wegbegleitung zu gr\u00f6\u00dferer pers\u00f6nlicher Freiheit Freedom Coaching bedeutet individuelle Wege in die pers\u00f6nliche Freiheit zu entdecken. Ich sehe es als meine Berufung und als meinen Lebenssinn frei zu werden, frei&#46;&#46;&#46;<\/p>\n","protected":false},"author":3,"featured_media":609,"parent":0,"menu_order":0,"comment_status":"closed","ping_status":"closed","template":"","meta":{"footnotes":""},"class_list":["post-7","page","type-page","status-publish","has-post-thumbnail","hentry"],"yoast_head":"<!-- This site is optimized with the Yoast SEO plugin v22.7 - https:\/\/yoast.com\/wordpress\/plugins\/seo\/ -->\n<title>Freedom Coaching - Selfempowerment Training<\/title>\n<meta name=\"description\" content=\"Die Wegbegleitung zur pers\u00f6nlichen Freiheit. frei von Angst werden kreativ- sch\u00f6pferisch und absolut verantwortungsvoll aus dem Moment heraus zu handeln.\" \/>\n<meta name=\"robots\" content=\"index, follow, max-snippet:-1, max-image-preview:large, max-video-preview:-1\" \/>\n<link rel=\"canonical\" href=\"https:\/\/www.selfempowerment.training\/training\/coaching\/\" \/>\n<meta property=\"og:locale\" content=\"de_DE\" \/>\n<meta property=\"og:type\" content=\"article\" \/>\n<meta property=\"og:title\" content=\"Freedom Coaching - Selfempowerment Training\" \/>\n<meta property=\"og:description\" content=\"Die Wegbegleitung zur pers\u00f6nlichen Freiheit. frei von Angst werden kreativ- sch\u00f6pferisch und absolut verantwortungsvoll aus dem Moment heraus zu handeln.\" \/>\n<meta property=\"og:url\" content=\"https:\/\/www.selfempowerment.training\/training\/coaching\/\" \/>\n<meta property=\"og:site_name\" content=\"Selfempowerment Training\" \/>\n<meta property=\"article:modified_time\" content=\"2024-05-22T07:40:20+00:00\" \/>\n<meta property=\"og:image\" content=\"https:\/\/www.selfempowerment.training\/training\/wp-content\/uploads\/2019\/03\/1-Siggi_Experience-9033-1024x683.jpg\" \/>\n\t<meta property=\"og:image:width\" content=\"1024\" \/>\n\t<meta property=\"og:image:height\" content=\"683\" \/>\n\t<meta property=\"og:image:type\" content=\"image\/jpeg\" \/>\n<meta name=\"twitter:card\" content=\"summary_large_image\" \/>\n<meta name=\"twitter:label1\" content=\"Gesch\u00e4tzte Lesezeit\" \/>\n\t<meta name=\"twitter:data1\" content=\"4\u00a0Minuten\" \/>\n<script type=\"application\/ld+json\" class=\"yoast-schema-graph\">{\"@context\":\"https:\/\/schema.org\",\"@graph\":[{\"@type\":\"WebPage\",\"@id\":\"https:\/\/www.selfempowerment.training\/training\/coaching\/\",\"url\":\"https:\/\/www.selfempowerment.training\/training\/coaching\/\",\"name\":\"Freedom Coaching - Selfempowerment Training\",\"isPartOf\":{\"@id\":\"https:\/\/www.selfempowerment.training\/training\/#website\"},\"primaryImageOfPage\":{\"@id\":\"https:\/\/www.selfempowerment.training\/training\/coaching\/#primaryimage\"},\"image\":{\"@id\":\"https:\/\/www.selfempowerment.training\/training\/coaching\/#primaryimage\"},\"thumbnailUrl\":\"https:\/\/www.selfempowerment.training\/training\/wp-content\/uploads\/2019\/03\/1-Siggi_Experience-9033.jpg\",\"datePublished\":\"2016-07-19T08:38:32+00:00\",\"dateModified\":\"2024-05-22T07:40:20+00:00\",\"description\":\"Die Wegbegleitung zur pers\u00f6nlichen Freiheit. frei von Angst werden kreativ- sch\u00f6pferisch und absolut verantwortungsvoll aus dem Moment heraus zu handeln.\",\"breadcrumb\":{\"@id\":\"https:\/\/www.selfempowerment.training\/training\/coaching\/#breadcrumb\"},\"inLanguage\":\"de\",\"potentialAction\":[{\"@type\":\"ReadAction\",\"target\":[\"https:\/\/www.selfempowerment.training\/training\/coaching\/\"]}]},{\"@type\":\"ImageObject\",\"inLanguage\":\"de\",\"@id\":\"https:\/\/www.selfempowerment.training\/training\/coaching\/#primaryimage\",\"url\":\"https:\/\/www.selfempowerment.training\/training\/wp-content\/uploads\/2019\/03\/1-Siggi_Experience-9033.jpg\",\"contentUrl\":\"https:\/\/www.selfempowerment.training\/training\/wp-content\/uploads\/2019\/03\/1-Siggi_Experience-9033.jpg\",\"width\":3000,\"height\":2000},{\"@type\":\"BreadcrumbList\",\"@id\":\"https:\/\/www.selfempowerment.training\/training\/coaching\/#breadcrumb\",\"itemListElement\":[{\"@type\":\"ListItem\",\"position\":1,\"name\":\"Startseite\",\"item\":\"https:\/\/www.selfempowerment.training\/training\/\"},{\"@type\":\"ListItem\",\"position\":2,\"name\":\"Freedom Coaching\"}]},{\"@type\":\"WebSite\",\"@id\":\"https:\/\/www.selfempowerment.training\/training\/#website\",\"url\":\"https:\/\/www.selfempowerment.training\/training\/\",\"name\":\"Selfempowerment Training\",\"description\":\"Selbsterm\u00e4chtigung - Bewusstsein - Freiheit\",\"publisher\":{\"@id\":\"https:\/\/www.selfempowerment.training\/training\/#organization\"},\"potentialAction\":[{\"@type\":\"SearchAction\",\"target\":{\"@type\":\"EntryPoint\",\"urlTemplate\":\"https:\/\/www.selfempowerment.training\/training\/?s={search_term_string}\"},\"query-input\":\"required name=search_term_string\"}],\"inLanguage\":\"de\"},{\"@type\":\"Organization\",\"@id\":\"https:\/\/www.selfempowerment.training\/training\/#organization\",\"name\":\"Selfempowerment Training\",\"url\":\"https:\/\/www.selfempowerment.training\/training\/\",\"logo\":{\"@type\":\"ImageObject\",\"inLanguage\":\"de\",\"@id\":\"https:\/\/www.selfempowerment.training\/training\/#\/schema\/logo\/image\/\",\"url\":\"https:\/\/www.selfempowerment.training\/training\/wp-content\/uploads\/2017\/03\/cropped-icon.jpg\",\"contentUrl\":\"https:\/\/www.selfempowerment.training\/training\/wp-content\/uploads\/2017\/03\/cropped-icon.jpg\",\"width\":171,\"height\":171,\"caption\":\"Selfempowerment Training\"},\"image\":{\"@id\":\"https:\/\/www.selfempowerment.training\/training\/#\/schema\/logo\/image\/\"}}]}<\/script>\n<!-- \/ Yoast SEO plugin. -->","yoast_head_json":{"title":"Freedom Coaching - Selfempowerment Training","description":"Die Wegbegleitung zur pers\u00f6nlichen Freiheit. frei von Angst werden kreativ- sch\u00f6pferisch und absolut verantwortungsvoll aus dem Moment heraus zu handeln.","robots":{"index":"index","follow":"follow","max-snippet":"max-snippet:-1","max-image-preview":"max-image-preview:large","max-video-preview":"max-video-preview:-1"},"canonical":"https:\/\/www.selfempowerment.training\/training\/coaching\/","og_locale":"de_DE","og_type":"article","og_title":"Freedom Coaching - Selfempowerment Training","og_description":"Die Wegbegleitung zur pers\u00f6nlichen Freiheit. frei von Angst werden kreativ- sch\u00f6pferisch und absolut verantwortungsvoll aus dem Moment heraus zu handeln.","og_url":"https:\/\/www.selfempowerment.training\/training\/coaching\/","og_site_name":"Selfempowerment Training","article_modified_time":"2024-05-22T07:40:20+00:00","og_image":[{"width":1024,"height":683,"url":"https:\/\/www.selfempowerment.training\/training\/wp-content\/uploads\/2019\/03\/1-Siggi_Experience-9033-1024x683.jpg","type":"image\/jpeg"}],"twitter_card":"summary_large_image","twitter_misc":{"Gesch\u00e4tzte Lesezeit":"4\u00a0Minuten"},"schema":{"@context":"https:\/\/schema.org","@graph":[{"@type":"WebPage","@id":"https:\/\/www.selfempowerment.training\/training\/coaching\/","url":"https:\/\/www.selfempowerment.training\/training\/coaching\/","name":"Freedom Coaching - Selfempowerment Training","isPartOf":{"@id":"https:\/\/www.selfempowerment.training\/training\/#website"},"primaryImageOfPage":{"@id":"https:\/\/www.selfempowerment.training\/training\/coaching\/#primaryimage"},"image":{"@id":"https:\/\/www.selfempowerment.training\/training\/coaching\/#primaryimage"},"thumbnailUrl":"https:\/\/www.selfempowerment.training\/training\/wp-content\/uploads\/2019\/03\/1-Siggi_Experience-9033.jpg","datePublished":"2016-07-19T08:38:32+00:00","dateModified":"2024-05-22T07:40:20+00:00","description":"Die Wegbegleitung zur pers\u00f6nlichen Freiheit. frei von Angst werden kreativ- sch\u00f6pferisch und absolut verantwortungsvoll aus dem Moment heraus zu handeln.","breadcrumb":{"@id":"https:\/\/www.selfempowerment.training\/training\/coaching\/#breadcrumb"},"inLanguage":"de","potentialAction":[{"@type":"ReadAction","target":["https:\/\/www.selfempowerment.training\/training\/coaching\/"]}]},{"@type":"ImageObject","inLanguage":"de","@id":"https:\/\/www.selfempowerment.training\/training\/coaching\/#primaryimage","url":"https:\/\/www.selfempowerment.training\/training\/wp-content\/uploads\/2019\/03\/1-Siggi_Experience-9033.jpg","contentUrl":"https:\/\/www.selfempowerment.training\/training\/wp-content\/uploads\/2019\/03\/1-Siggi_Experience-9033.jpg","width":3000,"height":2000},{"@type":"BreadcrumbList","@id":"https:\/\/www.selfempowerment.training\/training\/coaching\/#breadcrumb","itemListElement":[{"@type":"ListItem","position":1,"name":"Startseite","item":"https:\/\/www.selfempowerment.training\/training\/"},{"@type":"ListItem","position":2,"name":"Freedom Coaching"}]},{"@type":"WebSite","@id":"https:\/\/www.selfempowerment.training\/training\/#website","url":"https:\/\/www.selfempowerment.training\/training\/","name":"Selfempowerment Training","description":"Selbsterm\u00e4chtigung - Bewusstsein - Freiheit","publisher":{"@id":"https:\/\/www.selfempowerment.training\/training\/#organization"},"potentialAction":[{"@type":"SearchAction","target":{"@type":"EntryPoint","urlTemplate":"https:\/\/www.selfempowerment.training\/training\/?s={search_term_string}"},"query-input":"required name=search_term_string"}],"inLanguage":"de"},{"@type":"Organization","@id":"https:\/\/www.selfempowerment.training\/training\/#organization","name":"Selfempowerment Training","url":"https:\/\/www.selfempowerment.training\/training\/","logo":{"@type":"ImageObject","inLanguage":"de","@id":"https:\/\/www.selfempowerment.training\/training\/#\/schema\/logo\/image\/","url":"https:\/\/www.selfempowerment.training\/training\/wp-content\/uploads\/2017\/03\/cropped-icon.jpg","contentUrl":"https:\/\/www.selfempowerment.training\/training\/wp-content\/uploads\/2017\/03\/cropped-icon.jpg","width":171,"height":171,"caption":"Selfempowerment Training"},"image":{"@id":"https:\/\/www.selfempowerment.training\/training\/#\/schema\/logo\/image\/"}}]}},"_links":{"self":[{"href":"https:\/\/www.selfempowerment.training\/training\/wp-json\/wp\/v2\/pages\/7","targetHints":{"allow":["GET"]}}],"collection":[{"href":"https:\/\/www.selfempowerment.training\/training\/wp-json\/wp\/v2\/pages"}],"about":[{"href":"https:\/\/www.selfempowerment.training\/training\/wp-json\/wp\/v2\/types\/page"}],"author":[{"embeddable":true,"href":"https:\/\/www.selfempowerment.training\/training\/wp-json\/wp\/v2\/users\/3"}],"replies":[{"embeddable":true,"href":"https:\/\/www.selfempowerment.training\/training\/wp-json\/wp\/v2\/comments?post=7"}],"version-history":[{"count":28,"href":"https:\/\/www.selfempowerment.training\/training\/wp-json\/wp\/v2\/pages\/7\/revisions"}],"predecessor-version":[{"id":840,"href":"https:\/\/www.selfempowerment.training\/training\/wp-json\/wp\/v2\/pages\/7\/revisions\/840"}],"wp:featuredmedia":[{"embeddable":true,"href":"https:\/\/www.selfempowerment.training\/training\/wp-json\/wp\/v2\/media\/609"}],"wp:attachment":[{"href":"https:\/\/www.selfempowerment.training\/training\/wp-json\/wp\/v2\/media?parent=7"}],"curies":[{"name":"wp","href":"https:\/\/api.w.org\/{rel}","templated":true}]}}