{"id":424,"date":"2017-03-22T10:01:25","date_gmt":"2017-03-22T09:01:25","guid":{"rendered":"http:\/\/www.selfempowerment.training\/training\/?page_id=424"},"modified":"2019-02-06T22:43:29","modified_gmt":"2019-02-06T21:43:29","slug":"team-building","status":"publish","type":"page","link":"https:\/\/www.selfempowerment.training\/training\/team-building\/","title":{"rendered":"Testimonials &#8211; Empfehlungen"},"content":{"rendered":"<p>&#8220;So erstaunlich und wundervoll, wie rasch meine neuen Erkenntnisse und Strategien, die ich in der Supervision mit Siggi gewonnen habe, in meine Arbeit einflie\u00dfen k\u00f6nnen. Was vorher irgendwie steckte, kam ganz leicht ins Flie\u00dfen und l\u00e4sst sich auf einmal mit Leichtigkeit umsetzen. Siggi er\u00f6ffnet einen Raum voll Ruhe und Klarheit, in dem ich mich echt wohl f\u00fchle und gut fokussieren kann. Besonders sch\u00e4tze ich seine unvoreingenommene, herzliche und offene Art f\u00fcr das, was grad da ist. Danke dir! Allerbeste Empfehlung.\u00a0 <em>ANNA\u00a0<\/em><\/p>\n<p>&nbsp;<\/p>\n<p>&nbsp;<\/p>\n<p>&nbsp;<\/p>\n","protected":false},"excerpt":{"rendered":"<p>&#8220;So erstaunlich und wundervoll, wie rasch meine neuen Erkenntnisse und Strategien, die ich in der Supervision mit Siggi gewonnen habe, in meine Arbeit einflie\u00dfen k\u00f6nnen. Was vorher irgendwie steckte, kam ganz leicht ins Flie\u00dfen&#46;&#46;&#46;<\/p>\n","protected":false},"author":3,"featured_media":0,"parent":0,"menu_order":0,"comment_status":"closed","ping_status":"closed","template":"","meta":{"footnotes":""},"class_list":["post-424","page","type-page","status-publish","hentry"],"yoast_head":"<!-- This site is optimized with the Yoast SEO plugin v22.7 - https:\/\/yoast.com\/wordpress\/plugins\/seo\/ -->\n<title>Testimonials - Empfehlungen - Selfempowerment Training<\/title>\n<meta name=\"robots\" content=\"index, follow, max-snippet:-1, max-image-preview:large, max-video-preview:-1\" \/>\n<link rel=\"canonical\" href=\"https:\/\/www.selfempowerment.training\/training\/team-building\/\" \/>\n<meta property=\"og:locale\" content=\"de_DE\" \/>\n<meta property=\"og:type\" content=\"article\" \/>\n<meta property=\"og:title\" content=\"Testimonials - Empfehlungen - Selfempowerment Training\" \/>\n<meta property=\"og:description\" content=\"&#8220;So erstaunlich und wundervoll, wie rasch meine neuen Erkenntnisse und Strategien, die ich in der Supervision mit Siggi gewonnen habe, in meine Arbeit einflie\u00dfen k\u00f6nnen. Was vorher irgendwie steckte, kam ganz leicht ins Flie\u00dfen&#046;&#046;&#046;\" \/>\n<meta property=\"og:url\" content=\"https:\/\/www.selfempowerment.training\/training\/team-building\/\" \/>\n<meta property=\"og:site_name\" content=\"Selfempowerment Training\" \/>\n<meta property=\"article:modified_time\" content=\"2019-02-06T21:43:29+00:00\" \/>\n<meta name=\"twitter:card\" content=\"summary_large_image\" \/>\n<script type=\"application\/ld+json\" class=\"yoast-schema-graph\">{\"@context\":\"https:\/\/schema.org\",\"@graph\":[{\"@type\":\"WebPage\",\"@id\":\"https:\/\/www.selfempowerment.training\/training\/team-building\/\",\"url\":\"https:\/\/www.selfempowerment.training\/training\/team-building\/\",\"name\":\"Testimonials - Empfehlungen - Selfempowerment Training\",\"isPartOf\":{\"@id\":\"https:\/\/www.selfempowerment.training\/training\/#website\"},\"datePublished\":\"2017-03-22T09:01:25+00:00\",\"dateModified\":\"2019-02-06T21:43:29+00:00\",\"breadcrumb\":{\"@id\":\"https:\/\/www.selfempowerment.training\/training\/team-building\/#breadcrumb\"},\"inLanguage\":\"de\",\"potentialAction\":[{\"@type\":\"ReadAction\",\"target\":[\"https:\/\/www.selfempowerment.training\/training\/team-building\/\"]}]},{\"@type\":\"BreadcrumbList\",\"@id\":\"https:\/\/www.selfempowerment.training\/training\/team-building\/#breadcrumb\",\"itemListElement\":[{\"@type\":\"ListItem\",\"position\":1,\"name\":\"Startseite\",\"item\":\"https:\/\/www.selfempowerment.training\/training\/\"},{\"@type\":\"ListItem\",\"position\":2,\"name\":\"Testimonials &#8211; Empfehlungen\"}]},{\"@type\":\"WebSite\",\"@id\":\"https:\/\/www.selfempowerment.training\/training\/#website\",\"url\":\"https:\/\/www.selfempowerment.training\/training\/\",\"name\":\"Selfempowerment Training\",\"description\":\"Selbsterm\u00e4chtigung - Bewusstsein - Freiheit\",\"publisher\":{\"@id\":\"https:\/\/www.selfempowerment.training\/training\/#organization\"},\"potentialAction\":[{\"@type\":\"SearchAction\",\"target\":{\"@type\":\"EntryPoint\",\"urlTemplate\":\"https:\/\/www.selfempowerment.training\/training\/?s={search_term_string}\"},\"query-input\":\"required name=search_term_string\"}],\"inLanguage\":\"de\"},{\"@type\":\"Organization\",\"@id\":\"https:\/\/www.selfempowerment.training\/training\/#organization\",\"name\":\"Selfempowerment Training\",\"url\":\"https:\/\/www.selfempowerment.training\/training\/\",\"logo\":{\"@type\":\"ImageObject\",\"inLanguage\":\"de\",\"@id\":\"https:\/\/www.selfempowerment.training\/training\/#\/schema\/logo\/image\/\",\"url\":\"https:\/\/www.selfempowerment.training\/training\/wp-content\/uploads\/2017\/03\/cropped-icon.jpg\",\"contentUrl\":\"https:\/\/www.selfempowerment.training\/training\/wp-content\/uploads\/2017\/03\/cropped-icon.jpg\",\"width\":171,\"height\":171,\"caption\":\"Selfempowerment Training\"},\"image\":{\"@id\":\"https:\/\/www.selfempowerment.training\/training\/#\/schema\/logo\/image\/\"}}]}<\/script>\n<!-- \/ Yoast SEO plugin. -->","yoast_head_json":{"title":"Testimonials - Empfehlungen - Selfempowerment Training","robots":{"index":"index","follow":"follow","max-snippet":"max-snippet:-1","max-image-preview":"max-image-preview:large","max-video-preview":"max-video-preview:-1"},"canonical":"https:\/\/www.selfempowerment.training\/training\/team-building\/","og_locale":"de_DE","og_type":"article","og_title":"Testimonials - Empfehlungen - Selfempowerment Training","og_description":"&#8220;So erstaunlich und wundervoll, wie rasch meine neuen Erkenntnisse und Strategien, die ich in der Supervision mit Siggi gewonnen habe, in meine Arbeit einflie\u00dfen k\u00f6nnen. Was vorher irgendwie steckte, kam ganz leicht ins Flie\u00dfen&#46;&#46;&#46;","og_url":"https:\/\/www.selfempowerment.training\/training\/team-building\/","og_site_name":"Selfempowerment Training","article_modified_time":"2019-02-06T21:43:29+00:00","twitter_card":"summary_large_image","schema":{"@context":"https:\/\/schema.org","@graph":[{"@type":"WebPage","@id":"https:\/\/www.selfempowerment.training\/training\/team-building\/","url":"https:\/\/www.selfempowerment.training\/training\/team-building\/","name":"Testimonials - Empfehlungen - Selfempowerment Training","isPartOf":{"@id":"https:\/\/www.selfempowerment.training\/training\/#website"},"datePublished":"2017-03-22T09:01:25+00:00","dateModified":"2019-02-06T21:43:29+00:00","breadcrumb":{"@id":"https:\/\/www.selfempowerment.training\/training\/team-building\/#breadcrumb"},"inLanguage":"de","potentialAction":[{"@type":"ReadAction","target":["https:\/\/www.selfempowerment.training\/training\/team-building\/"]}]},{"@type":"BreadcrumbList","@id":"https:\/\/www.selfempowerment.training\/training\/team-building\/#breadcrumb","itemListElement":[{"@type":"ListItem","position":1,"name":"Startseite","item":"https:\/\/www.selfempowerment.training\/training\/"},{"@type":"ListItem","position":2,"name":"Testimonials &#8211; Empfehlungen"}]},{"@type":"WebSite","@id":"https:\/\/www.selfempowerment.training\/training\/#website","url":"https:\/\/www.selfempowerment.training\/training\/","name":"Selfempowerment Training","description":"Selbsterm\u00e4chtigung - Bewusstsein - Freiheit","publisher":{"@id":"https:\/\/www.selfempowerment.training\/training\/#organization"},"potentialAction":[{"@type":"SearchAction","target":{"@type":"EntryPoint","urlTemplate":"https:\/\/www.selfempowerment.training\/training\/?s={search_term_string}"},"query-input":"required name=search_term_string"}],"inLanguage":"de"},{"@type":"Organization","@id":"https:\/\/www.selfempowerment.training\/training\/#organization","name":"Selfempowerment Training","url":"https:\/\/www.selfempowerment.training\/training\/","logo":{"@type":"ImageObject","inLanguage":"de","@id":"https:\/\/www.selfempowerment.training\/training\/#\/schema\/logo\/image\/","url":"https:\/\/www.selfempowerment.training\/training\/wp-content\/uploads\/2017\/03\/cropped-icon.jpg","contentUrl":"https:\/\/www.selfempowerment.training\/training\/wp-content\/uploads\/2017\/03\/cropped-icon.jpg","width":171,"height":171,"caption":"Selfempowerment Training"},"image":{"@id":"https:\/\/www.selfempowerment.training\/training\/#\/schema\/logo\/image\/"}}]}},"_links":{"self":[{"href":"https:\/\/www.selfempowerment.training\/training\/wp-json\/wp\/v2\/pages\/424","targetHints":{"allow":["GET"]}}],"collection":[{"href":"https:\/\/www.selfempowerment.training\/training\/wp-json\/wp\/v2\/pages"}],"about":[{"href":"https:\/\/www.selfempowerment.training\/training\/wp-json\/wp\/v2\/types\/page"}],"author":[{"embeddable":true,"href":"https:\/\/www.selfempowerment.training\/training\/wp-json\/wp\/v2\/users\/3"}],"replies":[{"embeddable":true,"href":"https:\/\/www.selfempowerment.training\/training\/wp-json\/wp\/v2\/comments?post=424"}],"version-history":[{"count":2,"href":"https:\/\/www.selfempowerment.training\/training\/wp-json\/wp\/v2\/pages\/424\/revisions"}],"predecessor-version":[{"id":571,"href":"https:\/\/www.selfempowerment.training\/training\/wp-json\/wp\/v2\/pages\/424\/revisions\/571"}],"wp:attachment":[{"href":"https:\/\/www.selfempowerment.training\/training\/wp-json\/wp\/v2\/media?parent=424"}],"curies":[{"name":"wp","href":"https:\/\/api.w.org\/{rel}","templated":true}]}}