{"id":415,"date":"2017-03-22T10:00:15","date_gmt":"2017-03-22T09:00:15","guid":{"rendered":"http:\/\/www.selfempowerment.training\/training\/?page_id=415"},"modified":"2024-05-21T17:51:28","modified_gmt":"2024-05-21T15:51:28","slug":"self-empowerment","status":"publish","type":"page","link":"https:\/\/www.selfempowerment.training\/training\/self-empowerment\/","title":{"rendered":"Self Empowerment"},"content":{"rendered":"<p><strong>Self-Empowerment \/ Selbsterm\u00e4chtigung\u00a0<\/strong>bedeutet f\u00fcr mich sich des eigenen Potentials, der eigenen F\u00e4higkeiten, W\u00fcnsche und Ziele bewusst zu werden. Wichtig dabei ist hinderliche Glaubenss\u00e4tze, Muster, Begrenzungen und Konditionierungen zu erkennen und zu transformieren. Die eigene Komfortzone zu erweitern kann etwas herausfordernd sein, allerdings erweitern sich durch diesen Schritt auch die Handlungsm\u00f6glichkeiten.<\/p>\n<h2>Als meine Aufgabe sehe ich es dich beim Entdecken und Umsetzen deiner eigenen L\u00f6sungen zu unterst\u00fctzen.<\/h2>\n<p>Je nachdem welche Ziele du erreichen m\u00f6chtest, nutze ich bew\u00e4hrtes Wissen aus Coaching, Beratung, Mentoring, Supervision, Bewusstseins- und Gehirnforschung, etc. um dich bestm\u00f6glich zu begleiten.<\/p>\n<p>Du entscheidest wie weit, wie schnell und wie lange du weitergehen m\u00f6chtest. Mein Ziel ist es dich zu unterst\u00fctzen dein Leben selbstverantwortlich und selbstbestimmt \u2013 und damit wahrscheinlich auch gl\u00fccklicher &#8211; zu erleben.<\/p>\n<p style=\"text-align: center;\"><em><strong>Die Formel f\u00fcr Self-Empowerment lautet:\u00a0<\/strong> <\/em><\/p>\n<blockquote>\n<p style=\"text-align: center;\">je mehr Selbst-Verantwortung ich \u00fcbernehme,<br \/>\ndesto weniger wird mein Gl\u00fcck und Erleben vom Au\u00dfen bestimmt,<br \/>\ndesto selbstbestimmter lebe ich!<\/p>\n<\/blockquote>\n<p>Welchen Weg wir gehen damit du mehr in deine Kraft kommst kann recht verschieden sein. Vielleicht ist es nur ein hinderlicher Glaubenssatz oder eine begrenzende \u00dcberzeugung die entdeckt und transformiert werden m\u00f6chte. Oder wir stellen uns gemeinsam einer Angst die dich hindert in dein Potential zu kommen. Ob im Wohnzimmer oder am Kletterfels, mittels Mountainbike oder Meditation, Fasten oder Visions-Suche, Singen vor Publikum oder eine Rede halten &#8211; es gibt viele M\u00f6glichkeiten sich des eigenen Potentials, der eigenen Kraft und Macht wieder zu erinnern und zu leben.<\/p>\n<p>Am Ende deines Lebens wirst du nicht bereuen was du versucht hast und eventuell gescheitert bist sondern was du aus Angst, Scham oder Selbst-Zweifel erst gar nicht probiert hast.<\/p>\n<h3>Alles was du tun kannst, kannst du nur im Jetzt tun! In diesem Augenblick, nicht gleich oder morgen oder irgendwann.<\/h3>\n<p>Also, willst du dein Leben \u00e4ndern dann\u00a0am besten dadurch dass du\u00a0JETZT DEIN \u00c4NDERN LEBST!<\/p>\n<p>Ich bin da um dich zu inspirieren, zu begleiten, zu unterst\u00fctzen, zu begeistern und zu erinnern wie m\u00e4chtig du tats\u00e4chlich bist. So m\u00e4chtig, dass du dein Leben und deine Wahrnehmung der Welt ver\u00e4ndern kannst.<\/p>\n<p>Ich freue mich\u00a0sehr wenn wir uns gemeinsam dieser Herausforderung stellen und unsere Komfortzone und unseren Spielplatz erweitern.<\/p>\n<blockquote>\n<p style=\"text-align: center;\">SOMETIMES WHEN YOU ARE IN A DARK PLACE<br \/>\nYOU THINK YOU HAVE BEEN BURIED<br \/>\nBUT ACTUALLY YOU HAVE BEEN PLANTED<br \/>\nChristine Caine<\/p>\n<\/blockquote>\n","protected":false},"excerpt":{"rendered":"<p>Self-Empowerment \/ Selbsterm\u00e4chtigung\u00a0bedeutet f\u00fcr mich sich des eigenen Potentials, der eigenen F\u00e4higkeiten, W\u00fcnsche und Ziele bewusst zu werden. Wichtig dabei ist hinderliche Glaubenss\u00e4tze, Muster, Begrenzungen und Konditionierungen zu erkennen und zu transformieren. Die eigene&#46;&#46;&#46;<\/p>\n","protected":false},"author":3,"featured_media":0,"parent":0,"menu_order":0,"comment_status":"closed","ping_status":"closed","template":"","meta":{"footnotes":""},"class_list":["post-415","page","type-page","status-publish","hentry"],"yoast_head":"<!-- This site is optimized with the Yoast SEO plugin v22.7 - https:\/\/yoast.com\/wordpress\/plugins\/seo\/ -->\n<title>Self Empowerment - Selfempowerment Training<\/title>\n<meta name=\"description\" content=\"Selbsterm\u00e4chtigung durch bewusst sein bedeutet f\u00fcr mich sich des eigenen Potentials, der eigenen F\u00e4higkeiten, W\u00fcnsche und Ziele bewusst zu werden.\" \/>\n<meta name=\"robots\" content=\"index, follow, max-snippet:-1, max-image-preview:large, max-video-preview:-1\" \/>\n<link rel=\"canonical\" href=\"https:\/\/www.selfempowerment.training\/training\/self-empowerment\/\" \/>\n<meta property=\"og:locale\" content=\"de_DE\" \/>\n<meta property=\"og:type\" content=\"article\" \/>\n<meta property=\"og:title\" content=\"Self Empowerment - Selfempowerment Training\" \/>\n<meta property=\"og:description\" content=\"Selbsterm\u00e4chtigung durch bewusst sein bedeutet f\u00fcr mich sich des eigenen Potentials, der eigenen F\u00e4higkeiten, W\u00fcnsche und Ziele bewusst zu werden.\" \/>\n<meta property=\"og:url\" content=\"https:\/\/www.selfempowerment.training\/training\/self-empowerment\/\" \/>\n<meta property=\"og:site_name\" content=\"Selfempowerment Training\" \/>\n<meta property=\"article:modified_time\" content=\"2024-05-21T15:51:28+00:00\" \/>\n<meta name=\"twitter:card\" content=\"summary_large_image\" \/>\n<meta name=\"twitter:label1\" content=\"Gesch\u00e4tzte Lesezeit\" \/>\n\t<meta name=\"twitter:data1\" content=\"2\u00a0Minuten\" \/>\n<script type=\"application\/ld+json\" class=\"yoast-schema-graph\">{\"@context\":\"https:\/\/schema.org\",\"@graph\":[{\"@type\":\"WebPage\",\"@id\":\"https:\/\/www.selfempowerment.training\/training\/self-empowerment\/\",\"url\":\"https:\/\/www.selfempowerment.training\/training\/self-empowerment\/\",\"name\":\"Self Empowerment - Selfempowerment Training\",\"isPartOf\":{\"@id\":\"https:\/\/www.selfempowerment.training\/training\/#website\"},\"datePublished\":\"2017-03-22T09:00:15+00:00\",\"dateModified\":\"2024-05-21T15:51:28+00:00\",\"description\":\"Selbsterm\u00e4chtigung durch bewusst sein bedeutet f\u00fcr mich sich des eigenen Potentials, der eigenen F\u00e4higkeiten, W\u00fcnsche und Ziele bewusst zu werden.\",\"breadcrumb\":{\"@id\":\"https:\/\/www.selfempowerment.training\/training\/self-empowerment\/#breadcrumb\"},\"inLanguage\":\"de\",\"potentialAction\":[{\"@type\":\"ReadAction\",\"target\":[\"https:\/\/www.selfempowerment.training\/training\/self-empowerment\/\"]}]},{\"@type\":\"BreadcrumbList\",\"@id\":\"https:\/\/www.selfempowerment.training\/training\/self-empowerment\/#breadcrumb\",\"itemListElement\":[{\"@type\":\"ListItem\",\"position\":1,\"name\":\"Startseite\",\"item\":\"https:\/\/www.selfempowerment.training\/training\/\"},{\"@type\":\"ListItem\",\"position\":2,\"name\":\"Self Empowerment\"}]},{\"@type\":\"WebSite\",\"@id\":\"https:\/\/www.selfempowerment.training\/training\/#website\",\"url\":\"https:\/\/www.selfempowerment.training\/training\/\",\"name\":\"Selfempowerment Training\",\"description\":\"Selbsterm\u00e4chtigung - Bewusstsein - Freiheit\",\"publisher\":{\"@id\":\"https:\/\/www.selfempowerment.training\/training\/#organization\"},\"potentialAction\":[{\"@type\":\"SearchAction\",\"target\":{\"@type\":\"EntryPoint\",\"urlTemplate\":\"https:\/\/www.selfempowerment.training\/training\/?s={search_term_string}\"},\"query-input\":\"required name=search_term_string\"}],\"inLanguage\":\"de\"},{\"@type\":\"Organization\",\"@id\":\"https:\/\/www.selfempowerment.training\/training\/#organization\",\"name\":\"Selfempowerment Training\",\"url\":\"https:\/\/www.selfempowerment.training\/training\/\",\"logo\":{\"@type\":\"ImageObject\",\"inLanguage\":\"de\",\"@id\":\"https:\/\/www.selfempowerment.training\/training\/#\/schema\/logo\/image\/\",\"url\":\"https:\/\/www.selfempowerment.training\/training\/wp-content\/uploads\/2017\/03\/cropped-icon.jpg\",\"contentUrl\":\"https:\/\/www.selfempowerment.training\/training\/wp-content\/uploads\/2017\/03\/cropped-icon.jpg\",\"width\":171,\"height\":171,\"caption\":\"Selfempowerment Training\"},\"image\":{\"@id\":\"https:\/\/www.selfempowerment.training\/training\/#\/schema\/logo\/image\/\"}}]}<\/script>\n<!-- \/ Yoast SEO plugin. -->","yoast_head_json":{"title":"Self Empowerment - Selfempowerment Training","description":"Selbsterm\u00e4chtigung durch bewusst sein bedeutet f\u00fcr mich sich des eigenen Potentials, der eigenen F\u00e4higkeiten, W\u00fcnsche und Ziele bewusst zu werden.","robots":{"index":"index","follow":"follow","max-snippet":"max-snippet:-1","max-image-preview":"max-image-preview:large","max-video-preview":"max-video-preview:-1"},"canonical":"https:\/\/www.selfempowerment.training\/training\/self-empowerment\/","og_locale":"de_DE","og_type":"article","og_title":"Self Empowerment - Selfempowerment Training","og_description":"Selbsterm\u00e4chtigung durch bewusst sein bedeutet f\u00fcr mich sich des eigenen Potentials, der eigenen F\u00e4higkeiten, W\u00fcnsche und Ziele bewusst zu werden.","og_url":"https:\/\/www.selfempowerment.training\/training\/self-empowerment\/","og_site_name":"Selfempowerment Training","article_modified_time":"2024-05-21T15:51:28+00:00","twitter_card":"summary_large_image","twitter_misc":{"Gesch\u00e4tzte Lesezeit":"2\u00a0Minuten"},"schema":{"@context":"https:\/\/schema.org","@graph":[{"@type":"WebPage","@id":"https:\/\/www.selfempowerment.training\/training\/self-empowerment\/","url":"https:\/\/www.selfempowerment.training\/training\/self-empowerment\/","name":"Self Empowerment - Selfempowerment Training","isPartOf":{"@id":"https:\/\/www.selfempowerment.training\/training\/#website"},"datePublished":"2017-03-22T09:00:15+00:00","dateModified":"2024-05-21T15:51:28+00:00","description":"Selbsterm\u00e4chtigung durch bewusst sein bedeutet f\u00fcr mich sich des eigenen Potentials, der eigenen F\u00e4higkeiten, W\u00fcnsche und Ziele bewusst zu werden.","breadcrumb":{"@id":"https:\/\/www.selfempowerment.training\/training\/self-empowerment\/#breadcrumb"},"inLanguage":"de","potentialAction":[{"@type":"ReadAction","target":["https:\/\/www.selfempowerment.training\/training\/self-empowerment\/"]}]},{"@type":"BreadcrumbList","@id":"https:\/\/www.selfempowerment.training\/training\/self-empowerment\/#breadcrumb","itemListElement":[{"@type":"ListItem","position":1,"name":"Startseite","item":"https:\/\/www.selfempowerment.training\/training\/"},{"@type":"ListItem","position":2,"name":"Self Empowerment"}]},{"@type":"WebSite","@id":"https:\/\/www.selfempowerment.training\/training\/#website","url":"https:\/\/www.selfempowerment.training\/training\/","name":"Selfempowerment Training","description":"Selbsterm\u00e4chtigung - Bewusstsein - Freiheit","publisher":{"@id":"https:\/\/www.selfempowerment.training\/training\/#organization"},"potentialAction":[{"@type":"SearchAction","target":{"@type":"EntryPoint","urlTemplate":"https:\/\/www.selfempowerment.training\/training\/?s={search_term_string}"},"query-input":"required name=search_term_string"}],"inLanguage":"de"},{"@type":"Organization","@id":"https:\/\/www.selfempowerment.training\/training\/#organization","name":"Selfempowerment Training","url":"https:\/\/www.selfempowerment.training\/training\/","logo":{"@type":"ImageObject","inLanguage":"de","@id":"https:\/\/www.selfempowerment.training\/training\/#\/schema\/logo\/image\/","url":"https:\/\/www.selfempowerment.training\/training\/wp-content\/uploads\/2017\/03\/cropped-icon.jpg","contentUrl":"https:\/\/www.selfempowerment.training\/training\/wp-content\/uploads\/2017\/03\/cropped-icon.jpg","width":171,"height":171,"caption":"Selfempowerment Training"},"image":{"@id":"https:\/\/www.selfempowerment.training\/training\/#\/schema\/logo\/image\/"}}]}},"_links":{"self":[{"href":"https:\/\/www.selfempowerment.training\/training\/wp-json\/wp\/v2\/pages\/415","targetHints":{"allow":["GET"]}}],"collection":[{"href":"https:\/\/www.selfempowerment.training\/training\/wp-json\/wp\/v2\/pages"}],"about":[{"href":"https:\/\/www.selfempowerment.training\/training\/wp-json\/wp\/v2\/types\/page"}],"author":[{"embeddable":true,"href":"https:\/\/www.selfempowerment.training\/training\/wp-json\/wp\/v2\/users\/3"}],"replies":[{"embeddable":true,"href":"https:\/\/www.selfempowerment.training\/training\/wp-json\/wp\/v2\/comments?post=415"}],"version-history":[{"count":10,"href":"https:\/\/www.selfempowerment.training\/training\/wp-json\/wp\/v2\/pages\/415\/revisions"}],"predecessor-version":[{"id":823,"href":"https:\/\/www.selfempowerment.training\/training\/wp-json\/wp\/v2\/pages\/415\/revisions\/823"}],"wp:attachment":[{"href":"https:\/\/www.selfempowerment.training\/training\/wp-json\/wp\/v2\/media?parent=415"}],"curies":[{"name":"wp","href":"https:\/\/api.w.org\/{rel}","templated":true}]}}