{"id":13,"date":"2016-07-19T10:42:18","date_gmt":"2016-07-19T08:42:18","guid":{"rendered":"http:\/\/www.selfempowerment.training\/training\/?page_id=13"},"modified":"2024-05-21T18:02:58","modified_gmt":"2024-05-21T16:02:58","slug":"trainingkurse","status":"publish","type":"page","link":"https:\/\/www.selfempowerment.training\/training\/trainingkurse\/","title":{"rendered":"Training | Kurse"},"content":{"rendered":"<p>Mit lieben Freunden, Partnern und Instituten gemeinsam, biete ich im Gruppen- und\/oder Einzelsetting folgende Ausbildungen und Kurse an:<\/p>\n<h2><strong>AUSBILDUNG LSB, zum\/zur Lebens- und Sozialberater:in<\/strong><\/h2>\n<h3>Diplomlehrgang in Zusammenarbeit mit: <strong>\u00d6AGG-Wien<\/strong><br \/>\n<a href=\"https:\/\/oeagg.at\/ausbildung\/\">\u00d6AGG &#8211; Ausbildung Lebens- und Sozialberater mit Diplom<\/a><\/h3>\n<p><strong>Self Coaching &amp; Leadership Lehrgang <\/strong><strong>&#8211; Im Gruppen und\/oder Einzelsetting m\u00f6glich!<\/strong><\/p>\n<p>In dieser Ausbildung unterst\u00fctzen wir Menschen dabei ihr Potential (wieder) zu entdecken und es mit Begeisterung zu seiner vollen Entfaltung zu bringen.<\/p>\n<p>Dabei vermitteln und trainieren wir essentielle Prinzipien und Methoden die einfach und<br \/>\nmachtvoll unser Leben bereichern. Integrales Coaching ist Wissen, das funktioniert<br \/>\nund in allen Lebensbereichen seine Anwendung findet.<\/p>\n<p>Praxisorientierte Kommunikations-, Begleitungs- und F\u00fchrungskompetenzen sind wertvolle Schl\u00fcsselqualifikationen, die jedem Menschen n\u00fctzen und die f\u00fcr Professionen in\u00a0den\u00a0Bereichen Kommunikation und F\u00fchrung unverzichtbar geworden sind.<\/p>\n<p>Unser Lehrgang festigt eine konstruktive Grundhaltung die es erleichtert, auch in herausfordernden Zeiten den Blick auf Ressourcen und L\u00f6sungen zu richten.<\/p>\n<p>Erlernt wird ein tiefes und nat\u00fcrliches Vertrauen in die eigenen F\u00e4higkeiten und die Gewissheit diese unter allen Umst\u00e4nden anwenden zu k\u00f6nnen. Wir sind ganz selbstverst\u00e4ndlich in der Lage, das eigene Leben zu meistern und andere erfolgreich zu begleiten.<\/p>\n<p><a href=\"https:\/\/leadershipskills.at\/ausbildung\" target=\"_blank\" rel=\"noopener\">Ausbildung &#8211; Coaching<\/a><\/p>\n<h3>TrainTheTrainer:in\u00a0 \u00a0 \u00a0 \u00a0 Zertifizierte Ausbildung in welcher du lernst wie du F\u00e4higkeiten, Fertigkeiten und Inhalte bestm\u00f6glich weitergeben kannst.<\/h3>\n<p>Wir legen besonderen Wert darauf sehr praxisorientiert zu unterrichten sowie deinen pers\u00f6nlichen Stil und deine individuellen F\u00e4higkeiten in deine Trainer:innen-, Lehrer:innen-, Workshopleiter:innent\u00e4tigkeit, usw. einflie\u00dfen lassen zu k\u00f6nnen.<\/p>\n<p><strong>In sechs zweit\u00e4gigen Modulen lernst du:<\/strong><\/p>\n<ul>\n<li>wie erfolgreich Trainings designen kannst<\/li>\n<li>mit Vorurteilen, Gruppendynamiken und schwierigen Teilnehmer:innen umzugehen<\/li>\n<li>die rechtliche und wirtschaftliche Vorbereitung von Veranstaltungen<\/li>\n<li>Raumgestaltung und Dynamiken bewusst zu nutzen<\/li>\n<li>dein ganz pers\u00f6nliches Trainerprofil auszuarbeiten<\/li>\n<li>K\u00f6rpersprache und Stimme gezielt und bewusst einzusetzen<\/li>\n<li>einen praktischen Einblick im Umgang mit Krisen (Krisenintervention I)<\/li>\n<li>dein ganz pers\u00f6nliches Portfolio zu erkennen und umzusetzen<\/li>\n<li>Hinderliche Glaubenss\u00e4tze, Denkmuster und \u00dcberzeugungen dein Trainer:innen-Dasein betreffend zu erkennen und zu transformieren<\/li>\n<li>authentisches, spielerisches Auftreten<\/li>\n<li>wie du die Gruppe als Feedback-System im gesch\u00fctzten Rahmen nutzen kannst<\/li>\n<li>uvm<\/li>\n<\/ul>\n<p>Nach dieser Ausbildung erh\u00e4ltst du ein g\u00fcltiges Gender-Diversity-Zertifikat, besitzt eine detaillierte Methodenmappe, hast du schon einige Spontantrainings sowie ein 2h-Training vor &#8220;echtem&#8221; Publikum gehalten, etliche neue Freunde in deinem Leben und garantiert viel Spa\u00df und Freude erlebt.<\/p>\n<p>Der gesamte Kurs ist bei im Rahmen der Lebens- und Sozialberater:innen \u2013 Ausbildung anrechenbar<\/p>\n<p><a href=\"https:\/\/leadershipskills.at\/ausbildung\" target=\"_blank\" rel=\"noopener\">Ausbildung &#8211; Coaching<\/a><\/p>\n<p>F\u00fcr weitere Informationen kontaktiere mich einfach!<\/p>\n","protected":false},"excerpt":{"rendered":"<p>Mit lieben Freunden, Partnern und Instituten gemeinsam, biete ich im Gruppen- und\/oder Einzelsetting folgende Ausbildungen und Kurse an: AUSBILDUNG LSB, zum\/zur Lebens- und Sozialberater:in Diplomlehrgang in Zusammenarbeit mit: \u00d6AGG-Wien \u00d6AGG &#8211; Ausbildung Lebens- und&#46;&#46;&#46;<\/p>\n","protected":false},"author":3,"featured_media":0,"parent":0,"menu_order":0,"comment_status":"closed","ping_status":"closed","template":"","meta":{"footnotes":""},"class_list":["post-13","page","type-page","status-publish","hentry"],"yoast_head":"<!-- This site is optimized with the Yoast SEO plugin v22.7 - https:\/\/yoast.com\/wordpress\/plugins\/seo\/ -->\n<title>Training | Kurse - Selfempowerment Training<\/title>\n<meta name=\"robots\" content=\"index, follow, max-snippet:-1, max-image-preview:large, max-video-preview:-1\" \/>\n<link rel=\"canonical\" href=\"https:\/\/www.selfempowerment.training\/training\/trainingkurse\/\" \/>\n<meta property=\"og:locale\" content=\"de_DE\" \/>\n<meta property=\"og:type\" content=\"article\" \/>\n<meta property=\"og:title\" content=\"Training | Kurse - Selfempowerment Training\" \/>\n<meta property=\"og:description\" content=\"Mit lieben Freunden, Partnern und Instituten gemeinsam, biete ich im Gruppen- und\/oder Einzelsetting folgende Ausbildungen und Kurse an: AUSBILDUNG LSB, zum\/zur Lebens- und Sozialberater:in Diplomlehrgang in Zusammenarbeit mit: \u00d6AGG-Wien \u00d6AGG &#8211; Ausbildung Lebens- und&#046;&#046;&#046;\" \/>\n<meta property=\"og:url\" content=\"https:\/\/www.selfempowerment.training\/training\/trainingkurse\/\" \/>\n<meta property=\"og:site_name\" content=\"Selfempowerment Training\" \/>\n<meta property=\"article:modified_time\" content=\"2024-05-21T16:02:58+00:00\" \/>\n<meta name=\"twitter:card\" content=\"summary_large_image\" \/>\n<meta name=\"twitter:label1\" content=\"Gesch\u00e4tzte Lesezeit\" \/>\n\t<meta name=\"twitter:data1\" content=\"3\u00a0Minuten\" \/>\n<script type=\"application\/ld+json\" class=\"yoast-schema-graph\">{\"@context\":\"https:\/\/schema.org\",\"@graph\":[{\"@type\":\"WebPage\",\"@id\":\"https:\/\/www.selfempowerment.training\/training\/trainingkurse\/\",\"url\":\"https:\/\/www.selfempowerment.training\/training\/trainingkurse\/\",\"name\":\"Training | Kurse - Selfempowerment Training\",\"isPartOf\":{\"@id\":\"https:\/\/www.selfempowerment.training\/training\/#website\"},\"datePublished\":\"2016-07-19T08:42:18+00:00\",\"dateModified\":\"2024-05-21T16:02:58+00:00\",\"breadcrumb\":{\"@id\":\"https:\/\/www.selfempowerment.training\/training\/trainingkurse\/#breadcrumb\"},\"inLanguage\":\"de\",\"potentialAction\":[{\"@type\":\"ReadAction\",\"target\":[\"https:\/\/www.selfempowerment.training\/training\/trainingkurse\/\"]}]},{\"@type\":\"BreadcrumbList\",\"@id\":\"https:\/\/www.selfempowerment.training\/training\/trainingkurse\/#breadcrumb\",\"itemListElement\":[{\"@type\":\"ListItem\",\"position\":1,\"name\":\"Startseite\",\"item\":\"https:\/\/www.selfempowerment.training\/training\/\"},{\"@type\":\"ListItem\",\"position\":2,\"name\":\"Training | Kurse\"}]},{\"@type\":\"WebSite\",\"@id\":\"https:\/\/www.selfempowerment.training\/training\/#website\",\"url\":\"https:\/\/www.selfempowerment.training\/training\/\",\"name\":\"Selfempowerment Training\",\"description\":\"Selbsterm\u00e4chtigung - Bewusstsein - Freiheit\",\"publisher\":{\"@id\":\"https:\/\/www.selfempowerment.training\/training\/#organization\"},\"potentialAction\":[{\"@type\":\"SearchAction\",\"target\":{\"@type\":\"EntryPoint\",\"urlTemplate\":\"https:\/\/www.selfempowerment.training\/training\/?s={search_term_string}\"},\"query-input\":\"required name=search_term_string\"}],\"inLanguage\":\"de\"},{\"@type\":\"Organization\",\"@id\":\"https:\/\/www.selfempowerment.training\/training\/#organization\",\"name\":\"Selfempowerment Training\",\"url\":\"https:\/\/www.selfempowerment.training\/training\/\",\"logo\":{\"@type\":\"ImageObject\",\"inLanguage\":\"de\",\"@id\":\"https:\/\/www.selfempowerment.training\/training\/#\/schema\/logo\/image\/\",\"url\":\"https:\/\/www.selfempowerment.training\/training\/wp-content\/uploads\/2017\/03\/cropped-icon.jpg\",\"contentUrl\":\"https:\/\/www.selfempowerment.training\/training\/wp-content\/uploads\/2017\/03\/cropped-icon.jpg\",\"width\":171,\"height\":171,\"caption\":\"Selfempowerment Training\"},\"image\":{\"@id\":\"https:\/\/www.selfempowerment.training\/training\/#\/schema\/logo\/image\/\"}}]}<\/script>\n<!-- \/ Yoast SEO plugin. -->","yoast_head_json":{"title":"Training | Kurse - Selfempowerment Training","robots":{"index":"index","follow":"follow","max-snippet":"max-snippet:-1","max-image-preview":"max-image-preview:large","max-video-preview":"max-video-preview:-1"},"canonical":"https:\/\/www.selfempowerment.training\/training\/trainingkurse\/","og_locale":"de_DE","og_type":"article","og_title":"Training | Kurse - Selfempowerment Training","og_description":"Mit lieben Freunden, Partnern und Instituten gemeinsam, biete ich im Gruppen- und\/oder Einzelsetting folgende Ausbildungen und Kurse an: AUSBILDUNG LSB, zum\/zur Lebens- und Sozialberater:in Diplomlehrgang in Zusammenarbeit mit: \u00d6AGG-Wien \u00d6AGG &#8211; Ausbildung Lebens- und&#46;&#46;&#46;","og_url":"https:\/\/www.selfempowerment.training\/training\/trainingkurse\/","og_site_name":"Selfempowerment Training","article_modified_time":"2024-05-21T16:02:58+00:00","twitter_card":"summary_large_image","twitter_misc":{"Gesch\u00e4tzte Lesezeit":"3\u00a0Minuten"},"schema":{"@context":"https:\/\/schema.org","@graph":[{"@type":"WebPage","@id":"https:\/\/www.selfempowerment.training\/training\/trainingkurse\/","url":"https:\/\/www.selfempowerment.training\/training\/trainingkurse\/","name":"Training | Kurse - Selfempowerment Training","isPartOf":{"@id":"https:\/\/www.selfempowerment.training\/training\/#website"},"datePublished":"2016-07-19T08:42:18+00:00","dateModified":"2024-05-21T16:02:58+00:00","breadcrumb":{"@id":"https:\/\/www.selfempowerment.training\/training\/trainingkurse\/#breadcrumb"},"inLanguage":"de","potentialAction":[{"@type":"ReadAction","target":["https:\/\/www.selfempowerment.training\/training\/trainingkurse\/"]}]},{"@type":"BreadcrumbList","@id":"https:\/\/www.selfempowerment.training\/training\/trainingkurse\/#breadcrumb","itemListElement":[{"@type":"ListItem","position":1,"name":"Startseite","item":"https:\/\/www.selfempowerment.training\/training\/"},{"@type":"ListItem","position":2,"name":"Training | Kurse"}]},{"@type":"WebSite","@id":"https:\/\/www.selfempowerment.training\/training\/#website","url":"https:\/\/www.selfempowerment.training\/training\/","name":"Selfempowerment Training","description":"Selbsterm\u00e4chtigung - Bewusstsein - Freiheit","publisher":{"@id":"https:\/\/www.selfempowerment.training\/training\/#organization"},"potentialAction":[{"@type":"SearchAction","target":{"@type":"EntryPoint","urlTemplate":"https:\/\/www.selfempowerment.training\/training\/?s={search_term_string}"},"query-input":"required name=search_term_string"}],"inLanguage":"de"},{"@type":"Organization","@id":"https:\/\/www.selfempowerment.training\/training\/#organization","name":"Selfempowerment Training","url":"https:\/\/www.selfempowerment.training\/training\/","logo":{"@type":"ImageObject","inLanguage":"de","@id":"https:\/\/www.selfempowerment.training\/training\/#\/schema\/logo\/image\/","url":"https:\/\/www.selfempowerment.training\/training\/wp-content\/uploads\/2017\/03\/cropped-icon.jpg","contentUrl":"https:\/\/www.selfempowerment.training\/training\/wp-content\/uploads\/2017\/03\/cropped-icon.jpg","width":171,"height":171,"caption":"Selfempowerment Training"},"image":{"@id":"https:\/\/www.selfempowerment.training\/training\/#\/schema\/logo\/image\/"}}]}},"_links":{"self":[{"href":"https:\/\/www.selfempowerment.training\/training\/wp-json\/wp\/v2\/pages\/13","targetHints":{"allow":["GET"]}}],"collection":[{"href":"https:\/\/www.selfempowerment.training\/training\/wp-json\/wp\/v2\/pages"}],"about":[{"href":"https:\/\/www.selfempowerment.training\/training\/wp-json\/wp\/v2\/types\/page"}],"author":[{"embeddable":true,"href":"https:\/\/www.selfempowerment.training\/training\/wp-json\/wp\/v2\/users\/3"}],"replies":[{"embeddable":true,"href":"https:\/\/www.selfempowerment.training\/training\/wp-json\/wp\/v2\/comments?post=13"}],"version-history":[{"count":18,"href":"https:\/\/www.selfempowerment.training\/training\/wp-json\/wp\/v2\/pages\/13\/revisions"}],"predecessor-version":[{"id":821,"href":"https:\/\/www.selfempowerment.training\/training\/wp-json\/wp\/v2\/pages\/13\/revisions\/821"}],"wp:attachment":[{"href":"https:\/\/www.selfempowerment.training\/training\/wp-json\/wp\/v2\/media?parent=13"}],"curies":[{"name":"wp","href":"https:\/\/api.w.org\/{rel}","templated":true}]}}